{"id":7,"date":"2023-04-27T13:52:09","date_gmt":"2023-04-27T11:52:09","guid":{"rendered":"https:\/\/dbdb-saintperan.fr\/?page_id=7"},"modified":"2025-08-30T21:58:15","modified_gmt":"2025-08-30T19:58:15","slug":"accueil","status":"publish","type":"page","link":"https:\/\/dbdb-saintperan.fr\/?page_id=7","title":{"rendered":"Association"},"content":{"rendered":"\t\t<div data-elementor-type=\"wp-page\" data-elementor-id=\"7\" class=\"elementor elementor-7\">\n\t\t\t\t\t\t<section class=\"elementor-section elementor-top-section elementor-element elementor-element-fff908b elementor-section-boxed elementor-section-height-default elementor-section-height-default\" data-id=\"fff908b\" data-element_type=\"section\" data-e-type=\"section\">\n\t\t\t\t\t\t<div class=\"elementor-container elementor-column-gap-default\">\n\t\t\t\t\t<div class=\"elementor-column elementor-col-100 elementor-top-column elementor-element elementor-element-1bcfb08\" data-id=\"1bcfb08\" data-element_type=\"column\" data-e-type=\"column\">\n\t\t\t<div class=\"elementor-widget-wrap elementor-element-populated\">\n\t\t\t\t\t\t<div class=\"elementor-element elementor-element-e7f891e elementor-widget elementor-widget-heading\" data-id=\"e7f891e\" data-element_type=\"widget\" data-e-type=\"widget\" data-widget_type=\"heading.default\">\n\t\t\t\t<div class=\"elementor-widget-container\">\n\t\t\t\t\t<h2 class=\"elementor-heading-title elementor-size-default\">Du Bruit Dans le Bourg (dBdB)<\/h2>\t\t\t\t<\/div>\n\t\t\t\t<\/div>\n\t\t\t\t\t<\/div>\n\t\t<\/div>\n\t\t\t\t\t<\/div>\n\t\t<\/section>\n\t\t\t\t<section class=\"elementor-section elementor-top-section elementor-element elementor-element-2e9f755 elementor-section-boxed elementor-section-height-default elementor-section-height-default\" data-id=\"2e9f755\" data-element_type=\"section\" data-e-type=\"section\">\n\t\t\t\t\t\t<div class=\"elementor-container elementor-column-gap-default\">\n\t\t\t\t\t<div class=\"elementor-column elementor-col-66 elementor-top-column elementor-element elementor-element-a1f2b39\" data-id=\"a1f2b39\" data-element_type=\"column\" data-e-type=\"column\">\n\t\t\t<div class=\"elementor-widget-wrap elementor-element-populated\">\n\t\t\t\t\t\t<div class=\"elementor-element elementor-element-0c3b090 elementor-widget__width-initial elementor-widget elementor-widget-text-editor\" data-id=\"0c3b090\" data-element_type=\"widget\" data-e-type=\"widget\" data-widget_type=\"text-editor.default\">\n\t\t\t\t<div class=\"elementor-widget-container\">\n\t\t\t\t\t\t\t\t\t<p><span style=\"text-decoration: underline;\">Historique :<\/span><\/p>\n<p>Fin 2005, la commune de Saint-P\u00e9ran a acquis l&rsquo;ancienne maison des religieuses en d\u00e9posant un dossier Leader+, financ\u00e9 par des fonds europ\u00e9en, accept\u00e9 par le GAL (Groupe d&rsquo;Action Locale) de Broc\u00e9liande.<\/p>\n<p>Ce projet reposait sur le constat d&rsquo;un manque de locaux pour h\u00e9berger des cours de musique traditionnelle. A l&rsquo;origine, la gestion des locaux et l&rsquo;organisation des activit\u00e9s musicales et culturelles devaient \u00eatre assur\u00e9es par une commission municipale \u00e9largie. Il est apparue rapidement aux membres de cette commission qu&rsquo;il \u00e9tait pr\u00e9f\u00e9rable d&rsquo;adopter un statut d&rsquo;association pour fonctionner avec un maximum de souplesse.<\/p>\n<p>Le 31 mai 2006 est donc n\u00e9e l&rsquo;association dBdB \u00e0 laquelle la commune a confi\u00e9, par convention (du 1er mars 2007), la gestion des locaux dans le respect des engagements pris dans le cadre du projet europ\u00e9en Leader+ :<\/p>\n<ul>\n<li><span style=\"text-decoration: underline;\">Utilisation principale :<\/span> activit\u00e9s culturelle \u00e0 dominante musique traditionnelle<\/li>\n<li>Mise \u00e0 disposition des locaux aux associations de la commune (r\u00e9unions et certaines activit\u00e9s : palets, cartes, &#8230;)<\/li>\n<li>L&rsquo;association dBdB organise aussi des concerts dans l&rsquo;\u00e9glise de Saint-P\u00e9ran en raison de la qualit\u00e9 acoustique de ce lieu et de sa capacit\u00e9 d&rsquo;accueil (150 personnes).<\/li>\n<li>La section Tarot permet des \u00e9changes interg\u00e9n\u00e9rationnels.<\/li>\n<li>Autres activit\u00e9s : une \u00e0 deux veill\u00e9es chant\u00e9es par an et un troc de livre par trimestre.<\/li>\n<li>Les membres de l&rsquo;association sont issus de Saint-P\u00e9ran et des communes environnantes.<\/li>\n<\/ul>\n<p>\u00a0<\/p>\t\t\t\t\t\t\t\t<\/div>\n\t\t\t\t<\/div>\n\t\t\t\t\t<\/div>\n\t\t<\/div>\n\t\t\t\t<div class=\"elementor-column elementor-col-33 elementor-top-column elementor-element elementor-element-f89b37d\" data-id=\"f89b37d\" data-element_type=\"column\" data-e-type=\"column\">\n\t\t\t<div class=\"elementor-widget-wrap elementor-element-populated\">\n\t\t\t\t\t\t<div class=\"elementor-element elementor-element-bb8c9a3 elementor-widget elementor-widget-image\" data-id=\"bb8c9a3\" data-element_type=\"widget\" data-e-type=\"widget\" data-widget_type=\"image.default\">\n\t\t\t\t<div class=\"elementor-widget-container\">\n\t\t\t\t\t\t\t\t\t\t\t\t\t\t\t<img fetchpriority=\"high\" decoding=\"async\" width=\"400\" height=\"265\" src=\"https:\/\/dbdb-saintperan.fr\/wp-content\/uploads\/2023\/06\/dBdB-maison-asso-d0b49.jpg\" class=\"attachment-large size-large wp-image-68\" alt=\"\" srcset=\"https:\/\/dbdb-saintperan.fr\/wp-content\/uploads\/2023\/06\/dBdB-maison-asso-d0b49.jpg 400w, https:\/\/dbdb-saintperan.fr\/wp-content\/uploads\/2023\/06\/dBdB-maison-asso-d0b49-300x199.jpg 300w\" sizes=\"(max-width: 400px) 100vw, 400px\" \/>\t\t\t\t\t\t\t\t\t\t\t\t\t\t\t<\/div>\n\t\t\t\t<\/div>\n\t\t\t\t\t<\/div>\n\t\t<\/div>\n\t\t\t\t\t<\/div>\n\t\t<\/section>\n\t\t\t\t<section class=\"elementor-section elementor-top-section elementor-element elementor-element-a9918e5 elementor-section-boxed elementor-section-height-default elementor-section-height-default\" data-id=\"a9918e5\" data-element_type=\"section\" data-e-type=\"section\">\n\t\t\t\t\t\t<div class=\"elementor-container elementor-column-gap-default\">\n\t\t\t\t\t<div class=\"elementor-column elementor-col-100 elementor-top-column elementor-element elementor-element-2bbd1c3\" data-id=\"2bbd1c3\" data-element_type=\"column\" data-e-type=\"column\">\n\t\t\t<div class=\"elementor-widget-wrap elementor-element-populated\">\n\t\t\t\t\t\t<div class=\"elementor-element elementor-element-a4881ec elementor-widget elementor-widget-heading\" data-id=\"a4881ec\" data-element_type=\"widget\" data-e-type=\"widget\" data-widget_type=\"heading.default\">\n\t\t\t\t<div class=\"elementor-widget-container\">\n\t\t\t\t\t<h2 class=\"elementor-heading-title elementor-size-medium\">Composition du Bureau ann\u00e9e 2024-2025 :<\/h2>\t\t\t\t<\/div>\n\t\t\t\t<\/div>\n\t\t\t\t\t<\/div>\n\t\t<\/div>\n\t\t\t\t\t<\/div>\n\t\t<\/section>\n\t\t\t\t<section class=\"elementor-section elementor-top-section elementor-element elementor-element-7865ced elementor-section-boxed elementor-section-height-default elementor-section-height-default\" data-id=\"7865ced\" data-element_type=\"section\" data-e-type=\"section\">\n\t\t\t\t\t\t<div class=\"elementor-container elementor-column-gap-default\">\n\t\t\t\t\t<div class=\"elementor-column elementor-col-33 elementor-top-column elementor-element elementor-element-e595dba\" data-id=\"e595dba\" data-element_type=\"column\" data-e-type=\"column\">\n\t\t\t<div class=\"elementor-widget-wrap elementor-element-populated\">\n\t\t\t\t\t\t<div class=\"elementor-element elementor-element-87d64ff elementor-widget elementor-widget-text-editor\" data-id=\"87d64ff\" data-element_type=\"widget\" data-e-type=\"widget\" data-widget_type=\"text-editor.default\">\n\t\t\t\t<div class=\"elementor-widget-container\">\n\t\t\t\t\t\t\t\t\t<p><strong>Co-Pr\u00e9sidents :<\/strong><\/p><p><strong>Tr\u00e9sori\u00e8re :<\/strong><\/p><p><strong>Secr\u00e9taire :<\/strong><\/p><p>\u00a0<\/p><p><strong>Membre d&rsquo;honneur :<\/strong><\/p>\t\t\t\t\t\t\t\t<\/div>\n\t\t\t\t<\/div>\n\t\t\t\t\t<\/div>\n\t\t<\/div>\n\t\t\t\t<div class=\"elementor-column elementor-col-66 elementor-top-column elementor-element elementor-element-3c64562\" data-id=\"3c64562\" data-element_type=\"column\" data-e-type=\"column\">\n\t\t\t<div class=\"elementor-widget-wrap elementor-element-populated\">\n\t\t\t\t\t\t<div class=\"elementor-element elementor-element-9d09315 elementor-widget elementor-widget-text-editor\" data-id=\"9d09315\" data-element_type=\"widget\" data-e-type=\"widget\" data-widget_type=\"text-editor.default\">\n\t\t\t\t<div class=\"elementor-widget-container\">\n\t\t\t\t\t\t\t\t\t<p>Ronan GUEBLEZ, Guy LARCHER<\/p><p>Nelly LE MOULLEC<\/p><p>St\u00e9phanie MOTAY-BARON<\/p><p>\u00a0<\/p><p>Isabelle GOVEN<\/p>\t\t\t\t\t\t\t\t<\/div>\n\t\t\t\t<\/div>\n\t\t\t\t\t<\/div>\n\t\t<\/div>\n\t\t\t\t\t<\/div>\n\t\t<\/section>\n\t\t\t\t<section class=\"elementor-section elementor-top-section elementor-element elementor-element-c65764e elementor-section-boxed elementor-section-height-default elementor-section-height-default\" data-id=\"c65764e\" data-element_type=\"section\" data-e-type=\"section\">\n\t\t\t\t\t\t<div class=\"elementor-container elementor-column-gap-default\">\n\t\t\t\t\t<div class=\"elementor-column elementor-col-100 elementor-top-column elementor-element elementor-element-e6ba323\" data-id=\"e6ba323\" data-element_type=\"column\" data-e-type=\"column\">\n\t\t\t<div class=\"elementor-widget-wrap elementor-element-populated\">\n\t\t\t\t\t\t<div class=\"elementor-element elementor-element-bf9e4c6 elementor-widget elementor-widget-text-editor\" data-id=\"bf9e4c6\" data-element_type=\"widget\" data-e-type=\"widget\" data-widget_type=\"text-editor.default\">\n\t\t\t\t<div class=\"elementor-widget-container\">\n\t\t\t\t\t\t\t\t\t<p><span style=\"font-size: 11.5pt; line-height: 115%; font-family: Arial, 'sans-serif'; background-image: initial; background-position: initial; background-size: initial; background-repeat: initial; background-attachment: initial; background-origin: initial; background-clip: initial;\">Une nouvelle \u00e9quipe a repris le flambeau de l\u2019association en juillet 2022.\u00a0<\/span><\/p>\t\t\t\t\t\t\t\t<\/div>\n\t\t\t\t<\/div>\n\t\t\t\t\t<\/div>\n\t\t<\/div>\n\t\t\t\t\t<\/div>\n\t\t<\/section>\n\t\t\t\t<\/div>\n\t\t","protected":false},"excerpt":{"rendered":"<p>Du Bruit Dans le Bourg (dBdB) Historique : Fin 2005, la commune de Saint-P\u00e9ran a acquis l&rsquo;ancienne maison des religieuses en d\u00e9posant un dossier Leader+, financ\u00e9 par des fonds europ\u00e9en, accept\u00e9 par le GAL (Groupe d&rsquo;Action Locale) de Broc\u00e9liande. Ce projet reposait sur le constat d&rsquo;un manque de locaux pour h\u00e9berger des cours de musique traditionnelle. A l&rsquo;origine, la gestion des locaux et l&rsquo;organisation des activit\u00e9s musicales et culturelles devaient \u00eatre assur\u00e9es par une commission municipale \u00e9largie. Il est apparue rapidement aux membres de cette commission qu&rsquo;il \u00e9tait pr\u00e9f\u00e9rable d&rsquo;adopter un statut d&rsquo;association pour fonctionner avec un maximum de souplesse. Le 31 mai 2006 est donc n\u00e9e l&rsquo;association dBdB \u00e0 laquelle la commune a confi\u00e9, par convention (du 1er mars 2007), la gestion des locaux dans le respect des engagements pris dans le cadre du projet europ\u00e9en Leader+ : Utilisation principale : activit\u00e9s culturelle \u00e0 dominante musique traditionnelle Mise \u00e0 disposition des locaux aux associations de la commune (r\u00e9unions et certaines activit\u00e9s : palets, cartes, &#8230;) L&rsquo;association dBdB organise aussi des concerts dans l&rsquo;\u00e9glise de Saint-P\u00e9ran en raison de la qualit\u00e9 acoustique de ce lieu et de sa capacit\u00e9 d&rsquo;accueil (150 personnes). La section Tarot permet des \u00e9changes interg\u00e9n\u00e9rationnels. Autres activit\u00e9s : une \u00e0 deux veill\u00e9es chant\u00e9es par an et un troc de livre par trimestre. Les membres de l&rsquo;association sont issus de Saint-P\u00e9ran et des communes environnantes. \u00a0 Composition du Bureau ann\u00e9e 2024-2025 : Co-Pr\u00e9sidents : Tr\u00e9sori\u00e8re : Secr\u00e9taire : \u00a0 Membre d&rsquo;honneur : Ronan GUEBLEZ, Guy LARCHER Nelly LE MOULLEC St\u00e9phanie MOTAY-BARON \u00a0 Isabelle GOVEN Une nouvelle \u00e9quipe a repris le flambeau de l\u2019association en juillet 2022.\u00a0<\/p>\n","protected":false},"author":1,"featured_media":0,"parent":0,"menu_order":0,"comment_status":"closed","ping_status":"closed","template":"","meta":{"om_disable_all_campaigns":false,"_monsterinsights_skip_tracking":false,"_monsterinsights_sitenote_active":false,"_monsterinsights_sitenote_note":"","_monsterinsights_sitenote_category":0,"_uf_show_specific_survey":0,"_uf_disable_surveys":false,"footnotes":""},"class_list":["post-7","page","type-page","status-publish","hentry"],"aioseo_notices":[],"_links":{"self":[{"href":"https:\/\/dbdb-saintperan.fr\/index.php?rest_route=\/wp\/v2\/pages\/7","targetHints":{"allow":["GET"]}}],"collection":[{"href":"https:\/\/dbdb-saintperan.fr\/index.php?rest_route=\/wp\/v2\/pages"}],"about":[{"href":"https:\/\/dbdb-saintperan.fr\/index.php?rest_route=\/wp\/v2\/types\/page"}],"author":[{"embeddable":true,"href":"https:\/\/dbdb-saintperan.fr\/index.php?rest_route=\/wp\/v2\/users\/1"}],"replies":[{"embeddable":true,"href":"https:\/\/dbdb-saintperan.fr\/index.php?rest_route=%2Fwp%2Fv2%2Fcomments&post=7"}],"version-history":[{"count":24,"href":"https:\/\/dbdb-saintperan.fr\/index.php?rest_route=\/wp\/v2\/pages\/7\/revisions"}],"predecessor-version":[{"id":897,"href":"https:\/\/dbdb-saintperan.fr\/index.php?rest_route=\/wp\/v2\/pages\/7\/revisions\/897"}],"wp:attachment":[{"href":"https:\/\/dbdb-saintperan.fr\/index.php?rest_route=%2Fwp%2Fv2%2Fmedia&parent=7"}],"curies":[{"name":"wp","href":"https:\/\/api.w.org\/{rel}","templated":true}]}}