{"id":21,"date":"2023-05-03T21:29:20","date_gmt":"2023-05-03T19:29:20","guid":{"rendered":"http:\/\/dbdb-saintperan.fr\/?page_id=21"},"modified":"2025-08-30T21:20:10","modified_gmt":"2025-08-30T19:20:10","slug":"cours-de-dessin","status":"publish","type":"page","link":"https:\/\/dbdb-saintperan.fr\/?page_id=21","title":{"rendered":"Cours de Dessin"},"content":{"rendered":"\t\t<div data-elementor-type=\"wp-page\" data-elementor-id=\"21\" class=\"elementor elementor-21\">\n\t\t\t\t\t\t<section class=\"elementor-section elementor-top-section elementor-element elementor-element-22d9fb1 elementor-section-boxed elementor-section-height-default elementor-section-height-default\" data-id=\"22d9fb1\" data-element_type=\"section\" data-e-type=\"section\">\n\t\t\t\t\t\t<div class=\"elementor-container elementor-column-gap-default\">\n\t\t\t\t\t<div class=\"elementor-column elementor-col-50 elementor-top-column elementor-element elementor-element-50c15f1\" data-id=\"50c15f1\" data-element_type=\"column\" data-e-type=\"column\">\n\t\t\t<div class=\"elementor-widget-wrap elementor-element-populated\">\n\t\t\t\t\t\t<div class=\"elementor-element elementor-element-c83cdd7 elementor-widget elementor-widget-button\" data-id=\"c83cdd7\" data-element_type=\"widget\" data-e-type=\"widget\" data-widget_type=\"button.default\">\n\t\t\t\t<div class=\"elementor-widget-container\">\n\t\t\t\t\t\t\t\t\t<div class=\"elementor-button-wrapper\">\n\t\t\t\t\t<a class=\"elementor-button elementor-button-link elementor-size-sm\" href=\"https:\/\/dbdb-saintperan.fr\/wp-content\/uploads\/2025\/08\/Fiche-inscription-DBDB-2025-2026.pdf\" target=\"_blank\">\n\t\t\t\t\t\t<span class=\"elementor-button-content-wrapper\">\n\t\t\t\t\t\t\t\t\t<span class=\"elementor-button-text\">T\u00e9l\u00e9charger la feuille d'inscription<\/span>\n\t\t\t\t\t<\/span>\n\t\t\t\t\t<\/a>\n\t\t\t\t<\/div>\n\t\t\t\t\t\t\t\t<\/div>\n\t\t\t\t<\/div>\n\t\t\t\t\t<\/div>\n\t\t<\/div>\n\t\t\t\t<div class=\"elementor-column elementor-col-50 elementor-top-column elementor-element elementor-element-2b159f6\" data-id=\"2b159f6\" data-element_type=\"column\" data-e-type=\"column\">\n\t\t\t<div class=\"elementor-widget-wrap elementor-element-populated\">\n\t\t\t\t\t\t<div class=\"elementor-element elementor-element-f948f23 elementor-widget elementor-widget-button\" data-id=\"f948f23\" data-element_type=\"widget\" data-e-type=\"widget\" data-widget_type=\"button.default\">\n\t\t\t\t<div class=\"elementor-widget-container\">\n\t\t\t\t\t\t\t\t\t<div class=\"elementor-button-wrapper\">\n\t\t\t\t\t<a class=\"elementor-button elementor-button-link elementor-size-sm\" href=\"https:\/\/dbdb-saintperan.fr\/wp-content\/uploads\/2025\/08\/Tableau-Cours-2025_2026.pdf\" target=\"_blank\">\n\t\t\t\t\t\t<span class=\"elementor-button-content-wrapper\">\n\t\t\t\t\t\t\t\t\t<span class=\"elementor-button-text\">T\u00e9l\u00e9charger le tableau r\u00e9capitulatif<\/span>\n\t\t\t\t\t<\/span>\n\t\t\t\t\t<\/a>\n\t\t\t\t<\/div>\n\t\t\t\t\t\t\t\t<\/div>\n\t\t\t\t<\/div>\n\t\t\t\t\t<\/div>\n\t\t<\/div>\n\t\t\t\t\t<\/div>\n\t\t<\/section>\n\t\t\t\t<section class=\"elementor-section elementor-top-section elementor-element elementor-element-1c42406 elementor-section-boxed elementor-section-height-default elementor-section-height-default\" data-id=\"1c42406\" data-element_type=\"section\" data-e-type=\"section\">\n\t\t\t\t\t\t<div class=\"elementor-container elementor-column-gap-default\">\n\t\t\t\t\t<div class=\"elementor-column elementor-col-100 elementor-top-column elementor-element elementor-element-902c14b\" data-id=\"902c14b\" data-element_type=\"column\" data-e-type=\"column\">\n\t\t\t<div class=\"elementor-widget-wrap elementor-element-populated\">\n\t\t\t\t\t\t<div class=\"elementor-element elementor-element-ba5115e elementor-widget-divider--view-line elementor-widget elementor-widget-divider\" data-id=\"ba5115e\" data-element_type=\"widget\" data-e-type=\"widget\" data-widget_type=\"divider.default\">\n\t\t\t\t<div class=\"elementor-widget-container\">\n\t\t\t\t\t\t\t<div class=\"elementor-divider\">\n\t\t\t<span class=\"elementor-divider-separator\">\n\t\t\t\t\t\t<\/span>\n\t\t<\/div>\n\t\t\t\t\t\t<\/div>\n\t\t\t\t<\/div>\n\t\t\t\t\t<\/div>\n\t\t<\/div>\n\t\t\t\t\t<\/div>\n\t\t<\/section>\n\t\t\t\t<section class=\"elementor-section elementor-top-section elementor-element elementor-element-d4ca5a4 elementor-section-boxed elementor-section-height-default elementor-section-height-default\" data-id=\"d4ca5a4\" data-element_type=\"section\" data-e-type=\"section\">\n\t\t\t\t\t\t<div class=\"elementor-container elementor-column-gap-default\">\n\t\t\t\t\t<div class=\"elementor-column elementor-col-100 elementor-top-column elementor-element elementor-element-8784745\" data-id=\"8784745\" data-element_type=\"column\" data-e-type=\"column\">\n\t\t\t<div class=\"elementor-widget-wrap elementor-element-populated\">\n\t\t\t\t\t\t<div class=\"elementor-element elementor-element-f39dfbb elementor-widget elementor-widget-heading\" data-id=\"f39dfbb\" data-element_type=\"widget\" data-e-type=\"widget\" data-widget_type=\"heading.default\">\n\t\t\t\t<div class=\"elementor-widget-container\">\n\t\t\t\t\t<h2 class=\"elementor-heading-title elementor-size-large\">Dessin et peinture <\/h2>\t\t\t\t<\/div>\n\t\t\t\t<\/div>\n\t\t\t\t\t<\/div>\n\t\t<\/div>\n\t\t\t\t\t<\/div>\n\t\t<\/section>\n\t\t\t\t<section class=\"elementor-section elementor-top-section elementor-element elementor-element-fca529c elementor-section-boxed elementor-section-height-default elementor-section-height-default\" data-id=\"fca529c\" data-element_type=\"section\" data-e-type=\"section\">\n\t\t\t\t\t\t<div class=\"elementor-container elementor-column-gap-default\">\n\t\t\t\t\t<div class=\"elementor-column elementor-col-100 elementor-top-column elementor-element elementor-element-336bd9d\" data-id=\"336bd9d\" data-element_type=\"column\" data-e-type=\"column\">\n\t\t\t<div class=\"elementor-widget-wrap elementor-element-populated\">\n\t\t\t\t\t\t<div class=\"elementor-element elementor-element-9bb265d elementor-widget elementor-widget-button\" data-id=\"9bb265d\" data-element_type=\"widget\" data-e-type=\"widget\" data-widget_type=\"button.default\">\n\t\t\t\t<div class=\"elementor-widget-container\">\n\t\t\t\t\t\t\t\t\t<div class=\"elementor-button-wrapper\">\n\t\t\t\t\t<a class=\"elementor-button elementor-size-sm\" role=\"button\">\n\t\t\t\t\t\t<span class=\"elementor-button-content-wrapper\">\n\t\t\t\t\t\t\t\t\t<span class=\"elementor-button-text\">Enfants<\/span>\n\t\t\t\t\t<\/span>\n\t\t\t\t\t<\/a>\n\t\t\t\t<\/div>\n\t\t\t\t\t\t\t\t<\/div>\n\t\t\t\t<\/div>\n\t\t\t\t\t<\/div>\n\t\t<\/div>\n\t\t\t\t\t<\/div>\n\t\t<\/section>\n\t\t\t\t<section class=\"elementor-section elementor-top-section elementor-element elementor-element-2154f56 elementor-section-boxed elementor-section-height-default elementor-section-height-default\" data-id=\"2154f56\" data-element_type=\"section\" data-e-type=\"section\">\n\t\t\t\t\t\t<div class=\"elementor-container elementor-column-gap-default\">\n\t\t\t\t\t<div class=\"elementor-column elementor-col-50 elementor-top-column elementor-element elementor-element-e02fb33\" data-id=\"e02fb33\" data-element_type=\"column\" data-e-type=\"column\">\n\t\t\t<div class=\"elementor-widget-wrap elementor-element-populated\">\n\t\t\t\t\t\t<div class=\"elementor-element elementor-element-0dd7eea elementor-widget elementor-widget-text-editor\" data-id=\"0dd7eea\" data-element_type=\"widget\" data-e-type=\"widget\" data-widget_type=\"text-editor.default\">\n\t\t\t\t<div class=\"elementor-widget-container\">\n\t\t\t\t\t\t\t\t\t<p><span style=\"text-decoration: underline;\"><strong>Jour &#8211; Horaires :<\/strong><\/span><\/p><p>Mercredi :\u00a0<\/p><p>13h45 \u00e0 15h15 : 1er groupe<br \/>15h30 \u00e0 17h00 : 2\u00e8me groupe<br \/>17h15 \u00e0 18h45 : 3\u00e8me groupe *\u00a0<\/p><p>*si nombre suffisant<\/p><p><span style=\"text-decoration: underline;\"><strong>Dur\u00e9e &#8211; Fr\u00e9quence :<\/strong><\/span> 1h30 par semaine\u00a0<br \/>(6-8 enfants minimum par groupe)<\/p><p><span style=\"text-decoration: underline;\"><strong>Lieu :<\/strong><\/span> Salle Ty Yaouank<\/p><p><span style=\"text-decoration: underline;\"><strong>Tarifs :\u00a0<\/strong><\/span><\/p><p>Enfants : 135 \u20ac <span style=\"color: var( --e-global-color-text ); font-family: var( --e-global-typography-text-font-family ), Sans-serif; font-weight: var( --e-global-typography-text-font-weight ); letter-spacing: 0px;\">(ou 3&#215;45\u20ac)<\/span><span style=\"color: var( --e-global-color-text ); font-family: var( --e-global-typography-text-font-family ), Sans-serif; font-weight: var( --e-global-typography-text-font-weight ); letter-spacing: 0px;\"> + adh\u00e9sion 10 \u20ac\u00a0<br \/><\/span><\/p><p><strong>A partir de 8 ans.<\/strong><\/p>\t\t\t\t\t\t\t\t<\/div>\n\t\t\t\t<\/div>\n\t\t\t\t\t<\/div>\n\t\t<\/div>\n\t\t\t\t<div class=\"elementor-column elementor-col-50 elementor-top-column elementor-element elementor-element-abcd6bf\" data-id=\"abcd6bf\" data-element_type=\"column\" data-e-type=\"column\">\n\t\t\t<div class=\"elementor-widget-wrap elementor-element-populated\">\n\t\t\t\t\t\t<div class=\"elementor-element elementor-element-a621a43 elementor-widget elementor-widget-image\" data-id=\"a621a43\" data-element_type=\"widget\" data-e-type=\"widget\" data-widget_type=\"image.default\">\n\t\t\t\t<div class=\"elementor-widget-container\">\n\t\t\t\t\t\t\t\t\t\t\t\t\t\t\t<img fetchpriority=\"high\" decoding=\"async\" width=\"960\" height=\"641\" src=\"https:\/\/dbdb-saintperan.fr\/wp-content\/uploads\/2023\/07\/art-1478831_1920-1024x684.jpg\" class=\"attachment-large size-large wp-image-155\" alt=\"\" srcset=\"https:\/\/dbdb-saintperan.fr\/wp-content\/uploads\/2023\/07\/art-1478831_1920-1024x684.jpg 1024w, https:\/\/dbdb-saintperan.fr\/wp-content\/uploads\/2023\/07\/art-1478831_1920-300x200.jpg 300w, https:\/\/dbdb-saintperan.fr\/wp-content\/uploads\/2023\/07\/art-1478831_1920-768x513.jpg 768w, https:\/\/dbdb-saintperan.fr\/wp-content\/uploads\/2023\/07\/art-1478831_1920-1536x1026.jpg 1536w, https:\/\/dbdb-saintperan.fr\/wp-content\/uploads\/2023\/07\/art-1478831_1920-1140x761.jpg 1140w, https:\/\/dbdb-saintperan.fr\/wp-content\/uploads\/2023\/07\/art-1478831_1920.jpg 1920w\" sizes=\"(max-width: 960px) 100vw, 960px\" \/>\t\t\t\t\t\t\t\t\t\t\t\t\t\t\t<\/div>\n\t\t\t\t<\/div>\n\t\t\t\t\t<\/div>\n\t\t<\/div>\n\t\t\t\t\t<\/div>\n\t\t<\/section>\n\t\t\t\t<section class=\"elementor-section elementor-top-section elementor-element elementor-element-f459470 elementor-section-boxed elementor-section-height-default elementor-section-height-default\" data-id=\"f459470\" data-element_type=\"section\" data-e-type=\"section\">\n\t\t\t\t\t\t<div class=\"elementor-container elementor-column-gap-default\">\n\t\t\t\t\t<div class=\"elementor-column elementor-col-100 elementor-top-column elementor-element elementor-element-b5368f5\" data-id=\"b5368f5\" data-element_type=\"column\" data-e-type=\"column\">\n\t\t\t<div class=\"elementor-widget-wrap elementor-element-populated\">\n\t\t\t\t\t\t<div class=\"elementor-element elementor-element-9cad15b elementor-widget elementor-widget-button\" data-id=\"9cad15b\" data-element_type=\"widget\" data-e-type=\"widget\" data-widget_type=\"button.default\">\n\t\t\t\t<div class=\"elementor-widget-container\">\n\t\t\t\t\t\t\t\t\t<div class=\"elementor-button-wrapper\">\n\t\t\t\t\t<a class=\"elementor-button elementor-size-sm\" role=\"button\">\n\t\t\t\t\t\t<span class=\"elementor-button-content-wrapper\">\n\t\t\t\t\t\t\t\t\t<span class=\"elementor-button-text\">Adultes<\/span>\n\t\t\t\t\t<\/span>\n\t\t\t\t\t<\/a>\n\t\t\t\t<\/div>\n\t\t\t\t\t\t\t\t<\/div>\n\t\t\t\t<\/div>\n\t\t\t\t\t<\/div>\n\t\t<\/div>\n\t\t\t\t\t<\/div>\n\t\t<\/section>\n\t\t\t\t<section class=\"elementor-section elementor-top-section elementor-element elementor-element-79b47ca elementor-section-boxed elementor-section-height-default elementor-section-height-default\" data-id=\"79b47ca\" data-element_type=\"section\" data-e-type=\"section\">\n\t\t\t\t\t\t<div class=\"elementor-container elementor-column-gap-default\">\n\t\t\t\t\t<div class=\"elementor-column elementor-col-50 elementor-top-column elementor-element elementor-element-4cd9fff\" data-id=\"4cd9fff\" data-element_type=\"column\" data-e-type=\"column\">\n\t\t\t<div class=\"elementor-widget-wrap elementor-element-populated\">\n\t\t\t\t\t\t<div class=\"elementor-element elementor-element-ee3ac1b elementor-widget elementor-widget-text-editor\" data-id=\"ee3ac1b\" data-element_type=\"widget\" data-e-type=\"widget\" data-widget_type=\"text-editor.default\">\n\t\t\t\t<div class=\"elementor-widget-container\">\n\t\t\t\t\t\t\t\t\t<p><span style=\"text-decoration: underline;\"><strong>Jour &#8211; Horaires :<\/strong><\/span><\/p><p>Mardi :\u00a0<span style=\"color: var( --e-global-color-text ); font-family: var( --e-global-typography-text-font-family ), Sans-serif; font-weight: var( --e-global-typography-text-font-weight ); letter-spacing: 0px;\">16h30 \u00e0 20h30<\/span><\/p><p><span style=\"color: var( --e-global-color-text ); font-family: var( --e-global-typography-text-font-family ), Sans-serif; font-weight: var( --e-global-typography-text-font-weight ); letter-spacing: 0px; text-decoration-line: underline;\"><strong>Dur\u00e9e &#8211; Fr\u00e9quence :<\/strong><\/span><span style=\"color: var( --e-global-color-text ); font-family: var( --e-global-typography-text-font-family ), Sans-serif; font-weight: var( --e-global-typography-text-font-weight ); letter-spacing: 0px;\">\u00a0<\/span><span style=\"color: var( --e-global-color-text ); font-family: var( --e-global-typography-text-font-family ), Sans-serif; font-weight: var( --e-global-typography-text-font-weight ); letter-spacing: 0px;\">4h00 par semaine dont 2h00 en autonomie<\/span><\/p><p>(12 adultes minimum)<\/p><p><span style=\"text-decoration: underline;\"><strong>Lieu :<\/strong><\/span> Salle Ty Yaouank<\/p><p><span style=\"text-decoration: underline;\"><strong>Tarifs :\u00a0<\/strong><\/span><\/p><p>Adultes : 180 \u20ac <span style=\"color: var( --e-global-color-text ); font-family: var( --e-global-typography-text-font-family ), Sans-serif; font-weight: var( --e-global-typography-text-font-weight ); letter-spacing: 0px;\">(ou 3&#215;60\u20ac)<\/span><span style=\"color: var( --e-global-color-text ); font-family: var( --e-global-typography-text-font-family ), Sans-serif; font-weight: var( --e-global-typography-text-font-weight ); letter-spacing: 0px;\"> + adh\u00e9sion 10 \u20ac\u00a0<br \/><\/span><\/p>\t\t\t\t\t\t\t\t<\/div>\n\t\t\t\t<\/div>\n\t\t\t\t\t<\/div>\n\t\t<\/div>\n\t\t\t\t<div class=\"elementor-column elementor-col-50 elementor-top-column elementor-element elementor-element-fe7eecb\" data-id=\"fe7eecb\" data-element_type=\"column\" data-e-type=\"column\">\n\t\t\t<div class=\"elementor-widget-wrap elementor-element-populated\">\n\t\t\t\t\t\t<div class=\"elementor-element elementor-element-ec4827f elementor-widget elementor-widget-image\" data-id=\"ec4827f\" data-element_type=\"widget\" data-e-type=\"widget\" data-widget_type=\"image.default\">\n\t\t\t\t<div class=\"elementor-widget-container\">\n\t\t\t\t\t\t\t\t\t\t\t\t\t\t\t<img fetchpriority=\"high\" decoding=\"async\" width=\"960\" height=\"641\" src=\"https:\/\/dbdb-saintperan.fr\/wp-content\/uploads\/2023\/07\/art-1478831_1920-1024x684.jpg\" class=\"attachment-large size-large wp-image-155\" alt=\"\" srcset=\"https:\/\/dbdb-saintperan.fr\/wp-content\/uploads\/2023\/07\/art-1478831_1920-1024x684.jpg 1024w, https:\/\/dbdb-saintperan.fr\/wp-content\/uploads\/2023\/07\/art-1478831_1920-300x200.jpg 300w, https:\/\/dbdb-saintperan.fr\/wp-content\/uploads\/2023\/07\/art-1478831_1920-768x513.jpg 768w, https:\/\/dbdb-saintperan.fr\/wp-content\/uploads\/2023\/07\/art-1478831_1920-1536x1026.jpg 1536w, https:\/\/dbdb-saintperan.fr\/wp-content\/uploads\/2023\/07\/art-1478831_1920-1140x761.jpg 1140w, https:\/\/dbdb-saintperan.fr\/wp-content\/uploads\/2023\/07\/art-1478831_1920.jpg 1920w\" sizes=\"(max-width: 960px) 100vw, 960px\" \/>\t\t\t\t\t\t\t\t\t\t\t\t\t\t\t<\/div>\n\t\t\t\t<\/div>\n\t\t\t\t<div class=\"elementor-element elementor-element-024f5c3 elementor-widget elementor-widget-text-editor\" data-id=\"024f5c3\" data-element_type=\"widget\" data-e-type=\"widget\" data-widget_type=\"text-editor.default\">\n\t\t\t\t<div class=\"elementor-widget-container\">\n\t\t\t\t\t\t\t\t\t<p><span style=\"text-decoration: underline;\"><strong>Intervenant :<\/strong><\/span> <em><strong>C\u00e9dric Lenfant<\/strong><\/em><\/p>\t\t\t\t\t\t\t\t<\/div>\n\t\t\t\t<\/div>\n\t\t\t\t\t<\/div>\n\t\t<\/div>\n\t\t\t\t\t<\/div>\n\t\t<\/section>\n\t\t\t\t<\/div>\n\t\t","protected":false},"excerpt":{"rendered":"<p>T\u00e9l\u00e9charger la feuille d&rsquo;inscription T\u00e9l\u00e9charger le tableau r\u00e9capitulatif Dessin et peinture Enfants Jour &#8211; Horaires : Mercredi :\u00a0 13h45 \u00e0 15h15 : 1er groupe15h30 \u00e0 17h00 : 2\u00e8me groupe17h15 \u00e0 18h45 : 3\u00e8me groupe *\u00a0 *si nombre suffisant Dur\u00e9e &#8211; Fr\u00e9quence : 1h30 par semaine\u00a0(6-8 enfants minimum par groupe) Lieu : Salle Ty Yaouank Tarifs :\u00a0 Enfants : 135 \u20ac (ou 3&#215;45\u20ac) + adh\u00e9sion 10 \u20ac\u00a0 A partir de 8 ans. Adultes Jour &#8211; Horaires : Mardi :\u00a016h30 \u00e0 20h30 Dur\u00e9e &#8211; Fr\u00e9quence :\u00a04h00 par semaine dont 2h00 en autonomie (12 adultes minimum) Lieu : Salle Ty Yaouank Tarifs :\u00a0 Adultes : 180 \u20ac (ou 3&#215;60\u20ac) + adh\u00e9sion 10 \u20ac\u00a0 Intervenant : C\u00e9dric Lenfant<\/p>\n","protected":false},"author":1,"featured_media":0,"parent":0,"menu_order":0,"comment_status":"closed","ping_status":"closed","template":"","meta":{"om_disable_all_campaigns":false,"_monsterinsights_skip_tracking":false,"_monsterinsights_sitenote_active":false,"_monsterinsights_sitenote_note":"","_monsterinsights_sitenote_category":0,"_uf_show_specific_survey":0,"_uf_disable_surveys":false,"footnotes":""},"class_list":["post-21","page","type-page","status-publish","hentry"],"aioseo_notices":[],"_links":{"self":[{"href":"https:\/\/dbdb-saintperan.fr\/index.php?rest_route=\/wp\/v2\/pages\/21","targetHints":{"allow":["GET"]}}],"collection":[{"href":"https:\/\/dbdb-saintperan.fr\/index.php?rest_route=\/wp\/v2\/pages"}],"about":[{"href":"https:\/\/dbdb-saintperan.fr\/index.php?rest_route=\/wp\/v2\/types\/page"}],"author":[{"embeddable":true,"href":"https:\/\/dbdb-saintperan.fr\/index.php?rest_route=\/wp\/v2\/users\/1"}],"replies":[{"embeddable":true,"href":"https:\/\/dbdb-saintperan.fr\/index.php?rest_route=%2Fwp%2Fv2%2Fcomments&post=21"}],"version-history":[{"count":34,"href":"https:\/\/dbdb-saintperan.fr\/index.php?rest_route=\/wp\/v2\/pages\/21\/revisions"}],"predecessor-version":[{"id":865,"href":"https:\/\/dbdb-saintperan.fr\/index.php?rest_route=\/wp\/v2\/pages\/21\/revisions\/865"}],"wp:attachment":[{"href":"https:\/\/dbdb-saintperan.fr\/index.php?rest_route=%2Fwp%2Fv2%2Fmedia&parent=21"}],"curies":[{"name":"wp","href":"https:\/\/api.w.org\/{rel}","templated":true}]}}